{"id":7432,"date":"2017-09-03T02:44:27","date_gmt":"2017-09-02T23:44:27","guid":{"rendered":"http:\/\/meliton-sithonia.gr\/news\/"},"modified":"2020-10-06T11:33:08","modified_gmt":"2020-10-06T08:33:08","slug":"news","status":"publish","type":"page","link":"https:\/\/meliton-sithonia.gr\/fr\/news\/","title":{"rendered":"Actualit\u00e9s"},"content":{"rendered":"[vc_row type=\u00a0\u00bbfull_width_background\u00a0\u00bb full_screen_row_position=\u00a0\u00bbmiddle\u00a0\u00bb column_margin=\u00a0\u00bbdefault\u00a0\u00bb column_direction=\u00a0\u00bbdefault\u00a0\u00bb column_direction_tablet=\u00a0\u00bbdefault\u00a0\u00bb column_direction_phone=\u00a0\u00bbdefault\u00a0\u00bb bg_image=\u00a0\u00bb6139&Prime; bg_position=\u00a0\u00bbcenter center\u00a0\u00bb bg_repeat=\u00a0\u00bbno-repeat\u00a0\u00bb scene_position=\u00a0\u00bbcenter\u00a0\u00bb top_padding=\u00a0\u00bb13%\u00a0\u00bb bottom_padding=\u00a0\u00bb9%\u00a0\u00bb text_color=\u00a0\u00bblight\u00a0\u00bb text_align=\u00a0\u00bbcenter\u00a0\u00bb row_border_radius=\u00a0\u00bbnone\u00a0\u00bb row_border_radius_applies=\u00a0\u00bbbg\u00a0\u00bb enable_gradient=\u00a0\u00bbtrue\u00a0\u00bb color_overlay=\u00a0\u00bbrgba(0,0,0,0.59)\u00a0\u00bb color_overlay_2=\u00a0\u00bbrgba(11,74,59,0.88)\u00a0\u00bb overlay_strength=\u00a0\u00bb0.3&Prime; gradient_direction=\u00a0\u00bbleft_t_to_right_b\u00a0\u00bb shape_divider_position=\u00a0\u00bbbottom\u00a0\u00bb bg_image_animation=\u00a0\u00bbnone\u00a0\u00bb parallax_bg=\u00a0\u00bbtrue\u00a0\u00bb parallax_bg_speed=\u00a0\u00bbfast\u00a0\u00bb shape_type=\u00a0\u00bb\u00a0\u00bb][vc_column column_padding=\u00a0\u00bbno-extra-padding\u00a0\u00bb column_padding_tablet=\u00a0\u00bbinherit\u00a0\u00bb column_padding_phone=\u00a0\u00bbinherit\u00a0\u00bb column_padding_position=\u00a0\u00bball\u00a0\u00bb background_color_opacity=\u00a0\u00bb1&Prime; background_hover_color_opacity=\u00a0\u00bb1&Prime; column_shadow=\u00a0\u00bbnone\u00a0\u00bb column_border_radius=\u00a0\u00bbnone\u00a0\u00bb column_link_target=\u00a0\u00bb_self\u00a0\u00bb gradient_direction=\u00a0\u00bbleft_to_right\u00a0\u00bb overlay_strength=\u00a0\u00bb0.3&Prime; width=\u00a0\u00bb1\/1&Prime; tablet_width_inherit=\u00a0\u00bbdefault\u00a0\u00bb tablet_text_alignment=\u00a0\u00bbdefault\u00a0\u00bb phone_text_alignment=\u00a0\u00bbdefault\u00a0\u00bb column_border_width=\u00a0\u00bbnone\u00a0\u00bb column_border_style=\u00a0\u00bbsolid\u00a0\u00bb bg_image_animation=\u00a0\u00bbnone\u00a0\u00bb][vc_column_text]\n<h1>Actualit\u00e9s<\/h1>\n[\/vc_column_text][\/vc_column][\/vc_row][vc_row type=\u00a0\u00bbin_container\u00a0\u00bb full_screen_row_position=\u00a0\u00bbmiddle\u00a0\u00bb column_margin=\u00a0\u00bbdefault\u00a0\u00bb column_direction=\u00a0\u00bbdefault\u00a0\u00bb column_direction_tablet=\u00a0\u00bbdefault\u00a0\u00bb column_direction_phone=\u00a0\u00bbdefault\u00a0\u00bb scene_position=\u00a0\u00bbcenter\u00a0\u00bb top_padding=\u00a0\u00bb50&Prime; text_color=\u00a0\u00bbdark\u00a0\u00bb text_align=\u00a0\u00bbleft\u00a0\u00bb row_border_radius=\u00a0\u00bbnone\u00a0\u00bb row_border_radius_applies=\u00a0\u00bbbg\u00a0\u00bb overlay_strength=\u00a0\u00bb0.3&Prime; gradient_direction=\u00a0\u00bbleft_to_right\u00a0\u00bb shape_divider_position=\u00a0\u00bbbottom\u00a0\u00bb bg_image_animation=\u00a0\u00bbnone\u00a0\u00bb shape_type=\u00a0\u00bb\u00a0\u00bb][vc_column column_padding=\u00a0\u00bbno-extra-padding\u00a0\u00bb column_padding_tablet=\u00a0\u00bbinherit\u00a0\u00bb column_padding_phone=\u00a0\u00bbinherit\u00a0\u00bb column_padding_position=\u00a0\u00bball\u00a0\u00bb background_color_opacity=\u00a0\u00bb1&Prime; background_hover_color_opacity=\u00a0\u00bb1&Prime; column_shadow=\u00a0\u00bbnone\u00a0\u00bb column_border_radius=\u00a0\u00bbnone\u00a0\u00bb column_link_target=\u00a0\u00bb_self\u00a0\u00bb gradient_direction=\u00a0\u00bbleft_to_right\u00a0\u00bb overlay_strength=\u00a0\u00bb0.3&Prime; width=\u00a0\u00bb1\/1&Prime; tablet_width_inherit=\u00a0\u00bbdefault\u00a0\u00bb tablet_text_alignment=\u00a0\u00bbdefault\u00a0\u00bb phone_text_alignment=\u00a0\u00bbdefault\u00a0\u00bb column_border_width=\u00a0\u00bbnone\u00a0\u00bb column_border_style=\u00a0\u00bbsolid\u00a0\u00bb bg_image_animation=\u00a0\u00bbnone\u00a0\u00bb][nectar_blog layout=\u00a0\u00bbmasonry-blog-fullwidth\u00a0\u00bb blog_masonry_style=\u00a0\u00bbmaterial\u00a0\u00bb load_in_animation=\u00a0\u00bbfade_in_from_bottom\u00a0\u00bb category=\u00a0\u00bball\u00a0\u00bb enable_pagination=\u00a0\u00bbtrue\u00a0\u00bb pagination_type=\u00a0\u00bbinfinite_scroll\u00a0\u00bb order=\u00a0\u00bbDESC\u00a0\u00bb orderby=\u00a0\u00bbdate\u00a0\u00bb blog_remove_post_author=\u00a0\u00bbtrue\u00a0\u00bb blog_remove_post_comment_number=\u00a0\u00bbtrue\u00a0\u00bb blog_remove_post_nectar_love=\u00a0\u00bbtrue\u00a0\u00bb posts_per_page=\u00a0\u00bb9&Prime;][\/vc_column][\/vc_row]\n","protected":false},"excerpt":{"rendered":"<p>[vc_row type=\u00a0\u00bbfull_width_background\u00a0\u00bb full_screen_row_position=\u00a0\u00bbmiddle\u00a0\u00bb column_margin=\u00a0\u00bbdefault\u00a0\u00bb column_direction=\u00a0\u00bbdefault\u00a0\u00bb column_direction_tablet=\u00a0\u00bbdefault\u00a0\u00bb column_direction_phone=\u00a0\u00bbdefault\u00a0\u00bb bg_image=\u00a0\u00bb6139&Prime; bg_position=\u00a0\u00bbcenter center\u00a0\u00bb bg_repeat=\u00a0\u00bbno-repeat\u00a0\u00bb scene_position=\u00a0\u00bbcenter\u00a0\u00bb top_padding=\u00a0\u00bb13%\u00a0\u00bb bottom_padding=\u00a0\u00bb9%\u00a0\u00bb text_color=\u00a0\u00bblight\u00a0\u00bb text_align=\u00a0\u00bbcenter\u00a0\u00bb row_border_radius=\u00a0\u00bbnone\u00a0\u00bb row_border_radius_applies=\u00a0\u00bbbg\u00a0\u00bb enable_gradient=\u00a0\u00bbtrue\u00a0\u00bb color_overlay=\u00a0\u00bbrgba(0,0,0,0.59)\u00a0\u00bb color_overlay_2=\u00a0\u00bbrgba(11,74,59,0.88)\u00a0\u00bb overlay_strength=\u00a0\u00bb0.3&Prime; gradient_direction=\u00a0\u00bbleft_t_to_right_b\u00a0\u00bb shape_divider_position=\u00a0\u00bbbottom\u00a0\u00bb bg_image_animation=\u00a0\u00bbnone\u00a0\u00bb parallax_bg=\u00a0\u00bbtrue\u00a0\u00bb parallax_bg_speed=\u00a0\u00bbfast\u00a0\u00bb shape_type=\u00a0\u00bb\u00a0\u00bb][vc_column column_padding=\u00a0\u00bbno-extra-padding\u00a0\u00bb column_padding_tablet=\u00a0\u00bbinherit\u00a0\u00bb&#8230;<\/p>\n","protected":false},"author":5,"featured_media":0,"parent":0,"menu_order":0,"comment_status":"closed","ping_status":"closed","template":"","meta":[],"yoast_head":"<!-- This site is optimized with the Yoast SEO plugin v21.8.1 - https:\/\/yoast.com\/wordpress\/plugins\/seo\/ -->\n<title>Actualit\u00e9s - AOP C\u00f4tes de M\u00e9liton - IGP Sithonie<\/title>\n<meta name=\"description\" content=\"Actualit\u00e9s\" \/>\n<meta name=\"robots\" content=\"index, follow, max-snippet:-1, max-image-preview:large, max-video-preview:-1\" \/>\n<link rel=\"canonical\" href=\"https:\/\/meliton-sithonia.gr\/fr\/news\/\" \/>\n<meta property=\"og:locale\" content=\"fr_FR\" \/>\n<meta property=\"og:type\" content=\"article\" \/>\n<meta property=\"og:title\" content=\"Actualit\u00e9s - AOP C\u00f4tes de M\u00e9liton - IGP Sithonie\" \/>\n<meta property=\"og:description\" content=\"Actualit\u00e9s\" \/>\n<meta property=\"og:url\" content=\"https:\/\/meliton-sithonia.gr\/fr\/news\/\" \/>\n<meta property=\"og:site_name\" content=\"AOP C\u00f4tes de M\u00e9liton - IGP Sithonie\" \/>\n<meta property=\"article:publisher\" content=\"https:\/\/www.facebook.com\/sithoniamelitonslopes\/\" \/>\n<meta property=\"article:modified_time\" content=\"2020-10-06T08:33:08+00:00\" \/>\n<meta name=\"twitter:card\" content=\"summary_large_image\" \/>\n<meta name=\"twitter:label1\" content=\"Dur\u00e9e de lecture estim\u00e9e\" \/>\n\t<meta name=\"twitter:data1\" content=\"2 minutes\" \/>\n<script type=\"application\/ld+json\" class=\"yoast-schema-graph\">{\"@context\":\"https:\/\/schema.org\",\"@graph\":[{\"@type\":\"WebPage\",\"@id\":\"https:\/\/meliton-sithonia.gr\/fr\/news\/\",\"url\":\"https:\/\/meliton-sithonia.gr\/fr\/news\/\",\"name\":\"Actualit\u00e9s - AOP C\u00f4tes de M\u00e9liton - IGP Sithonie\",\"isPartOf\":{\"@id\":\"https:\/\/meliton-sithonia.gr\/fr\/#website\"},\"datePublished\":\"2017-09-02T23:44:27+00:00\",\"dateModified\":\"2020-10-06T08:33:08+00:00\",\"description\":\"Actualit\u00e9s\",\"breadcrumb\":{\"@id\":\"https:\/\/meliton-sithonia.gr\/fr\/news\/#breadcrumb\"},\"inLanguage\":\"fr-FR\",\"potentialAction\":[{\"@type\":\"ReadAction\",\"target\":[\"https:\/\/meliton-sithonia.gr\/fr\/news\/\"]}]},{\"@type\":\"BreadcrumbList\",\"@id\":\"https:\/\/meliton-sithonia.gr\/fr\/news\/#breadcrumb\",\"itemListElement\":[{\"@type\":\"ListItem\",\"position\":1,\"name\":\"Home\",\"item\":\"https:\/\/meliton-sithonia.gr\/fr\/\"},{\"@type\":\"ListItem\",\"position\":2,\"name\":\"Actualit\u00e9s\"}]},{\"@type\":\"WebSite\",\"@id\":\"https:\/\/meliton-sithonia.gr\/fr\/#website\",\"url\":\"https:\/\/meliton-sithonia.gr\/fr\/\",\"name\":\"AOP C\u00f4tes de M\u00e9liton - IGP Sithonie\",\"description\":\"Promotional page for Protected Geographical Indication (PGI) Sithonia and Protected Destination of Origin (PDO) Slopes of Meliton Wines. Project co-financed by the European Union and Greece.\",\"publisher\":{\"@id\":\"https:\/\/meliton-sithonia.gr\/fr\/#organization\"},\"potentialAction\":[{\"@type\":\"SearchAction\",\"target\":{\"@type\":\"EntryPoint\",\"urlTemplate\":\"https:\/\/meliton-sithonia.gr\/fr\/?s={search_term_string}\"},\"query-input\":\"required name=search_term_string\"}],\"inLanguage\":\"fr-FR\"},{\"@type\":\"Organization\",\"@id\":\"https:\/\/meliton-sithonia.gr\/fr\/#organization\",\"name\":\"PDO Slopes of Meliton - PGI Sithonia\",\"url\":\"https:\/\/meliton-sithonia.gr\/fr\/\",\"logo\":{\"@type\":\"ImageObject\",\"inLanguage\":\"fr-FR\",\"@id\":\"https:\/\/meliton-sithonia.gr\/fr\/#\/schema\/logo\/image\/\",\"url\":\"http:\/\/meliton-sithonia.gr\/wp-content\/uploads\/2020\/09\/LOGO-GR_ENG_-1.png\",\"contentUrl\":\"http:\/\/meliton-sithonia.gr\/wp-content\/uploads\/2020\/09\/LOGO-GR_ENG_-1.png\",\"width\":598,\"height\":696,\"caption\":\"PDO Slopes of Meliton - PGI Sithonia\"},\"image\":{\"@id\":\"https:\/\/meliton-sithonia.gr\/fr\/#\/schema\/logo\/image\/\"},\"sameAs\":[\"https:\/\/www.facebook.com\/sithoniamelitonslopes\/\"]}]}<\/script>\n<!-- \/ Yoast SEO plugin. -->","yoast_head_json":{"title":"Actualit\u00e9s - AOP C\u00f4tes de M\u00e9liton - IGP Sithonie","description":"Actualit\u00e9s","robots":{"index":"index","follow":"follow","max-snippet":"max-snippet:-1","max-image-preview":"max-image-preview:large","max-video-preview":"max-video-preview:-1"},"canonical":"https:\/\/meliton-sithonia.gr\/fr\/news\/","og_locale":"fr_FR","og_type":"article","og_title":"Actualit\u00e9s - AOP C\u00f4tes de M\u00e9liton - IGP Sithonie","og_description":"Actualit\u00e9s","og_url":"https:\/\/meliton-sithonia.gr\/fr\/news\/","og_site_name":"AOP C\u00f4tes de M\u00e9liton - IGP Sithonie","article_publisher":"https:\/\/www.facebook.com\/sithoniamelitonslopes\/","article_modified_time":"2020-10-06T08:33:08+00:00","twitter_card":"summary_large_image","twitter_misc":{"Dur\u00e9e de lecture estim\u00e9e":"2 minutes"},"schema":{"@context":"https:\/\/schema.org","@graph":[{"@type":"WebPage","@id":"https:\/\/meliton-sithonia.gr\/fr\/news\/","url":"https:\/\/meliton-sithonia.gr\/fr\/news\/","name":"Actualit\u00e9s - AOP C\u00f4tes de M\u00e9liton - IGP Sithonie","isPartOf":{"@id":"https:\/\/meliton-sithonia.gr\/fr\/#website"},"datePublished":"2017-09-02T23:44:27+00:00","dateModified":"2020-10-06T08:33:08+00:00","description":"Actualit\u00e9s","breadcrumb":{"@id":"https:\/\/meliton-sithonia.gr\/fr\/news\/#breadcrumb"},"inLanguage":"fr-FR","potentialAction":[{"@type":"ReadAction","target":["https:\/\/meliton-sithonia.gr\/fr\/news\/"]}]},{"@type":"BreadcrumbList","@id":"https:\/\/meliton-sithonia.gr\/fr\/news\/#breadcrumb","itemListElement":[{"@type":"ListItem","position":1,"name":"Home","item":"https:\/\/meliton-sithonia.gr\/fr\/"},{"@type":"ListItem","position":2,"name":"Actualit\u00e9s"}]},{"@type":"WebSite","@id":"https:\/\/meliton-sithonia.gr\/fr\/#website","url":"https:\/\/meliton-sithonia.gr\/fr\/","name":"AOP C\u00f4tes de M\u00e9liton - IGP Sithonie","description":"Promotional page for Protected Geographical Indication (PGI) Sithonia and Protected Destination of Origin (PDO) Slopes of Meliton Wines. Project co-financed by the European Union and Greece.","publisher":{"@id":"https:\/\/meliton-sithonia.gr\/fr\/#organization"},"potentialAction":[{"@type":"SearchAction","target":{"@type":"EntryPoint","urlTemplate":"https:\/\/meliton-sithonia.gr\/fr\/?s={search_term_string}"},"query-input":"required name=search_term_string"}],"inLanguage":"fr-FR"},{"@type":"Organization","@id":"https:\/\/meliton-sithonia.gr\/fr\/#organization","name":"PDO Slopes of Meliton - PGI Sithonia","url":"https:\/\/meliton-sithonia.gr\/fr\/","logo":{"@type":"ImageObject","inLanguage":"fr-FR","@id":"https:\/\/meliton-sithonia.gr\/fr\/#\/schema\/logo\/image\/","url":"http:\/\/meliton-sithonia.gr\/wp-content\/uploads\/2020\/09\/LOGO-GR_ENG_-1.png","contentUrl":"http:\/\/meliton-sithonia.gr\/wp-content\/uploads\/2020\/09\/LOGO-GR_ENG_-1.png","width":598,"height":696,"caption":"PDO Slopes of Meliton - PGI Sithonia"},"image":{"@id":"https:\/\/meliton-sithonia.gr\/fr\/#\/schema\/logo\/image\/"},"sameAs":["https:\/\/www.facebook.com\/sithoniamelitonslopes\/"]}]}},"_links":{"self":[{"href":"https:\/\/meliton-sithonia.gr\/fr\/wp-json\/wp\/v2\/pages\/7432"}],"collection":[{"href":"https:\/\/meliton-sithonia.gr\/fr\/wp-json\/wp\/v2\/pages"}],"about":[{"href":"https:\/\/meliton-sithonia.gr\/fr\/wp-json\/wp\/v2\/types\/page"}],"author":[{"embeddable":true,"href":"https:\/\/meliton-sithonia.gr\/fr\/wp-json\/wp\/v2\/users\/5"}],"replies":[{"embeddable":true,"href":"https:\/\/meliton-sithonia.gr\/fr\/wp-json\/wp\/v2\/comments?post=7432"}],"version-history":[{"count":2,"href":"https:\/\/meliton-sithonia.gr\/fr\/wp-json\/wp\/v2\/pages\/7432\/revisions"}],"predecessor-version":[{"id":7435,"href":"https:\/\/meliton-sithonia.gr\/fr\/wp-json\/wp\/v2\/pages\/7432\/revisions\/7435"}],"wp:attachment":[{"href":"https:\/\/meliton-sithonia.gr\/fr\/wp-json\/wp\/v2\/media?parent=7432"}],"curies":[{"name":"wp","href":"https:\/\/api.w.org\/{rel}","templated":true}]}}