{"id":6998,"date":"2017-09-03T02:44:53","date_gmt":"2017-09-02T23:44:53","guid":{"rendered":"http:\/\/meliton-sithonia.gr\/contact\/"},"modified":"2020-09-24T10:12:24","modified_gmt":"2020-09-24T07:12:24","slug":"contact","status":"publish","type":"page","link":"https:\/\/meliton-sithonia.gr\/fr\/contact\/","title":{"rendered":"CONTACT"},"content":{"rendered":"[vc_row type=\u00a0\u00bbfull_width_background\u00a0\u00bb full_screen_row_position=\u00a0\u00bbmiddle\u00a0\u00bb column_margin=\u00a0\u00bbdefault\u00a0\u00bb column_direction=\u00a0\u00bbdefault\u00a0\u00bb column_direction_tablet=\u00a0\u00bbdefault\u00a0\u00bb column_direction_phone=\u00a0\u00bbdefault\u00a0\u00bb bg_image=\u00a0\u00bb6538&Prime; bg_position=\u00a0\u00bbcenter center\u00a0\u00bb bg_repeat=\u00a0\u00bbno-repeat\u00a0\u00bb scene_position=\u00a0\u00bbcenter\u00a0\u00bb top_padding=\u00a0\u00bb13%\u00a0\u00bb bottom_padding=\u00a0\u00bb9%\u00a0\u00bb text_color=\u00a0\u00bblight\u00a0\u00bb text_align=\u00a0\u00bbcenter\u00a0\u00bb row_border_radius=\u00a0\u00bbnone\u00a0\u00bb row_border_radius_applies=\u00a0\u00bbbg\u00a0\u00bb enable_gradient=\u00a0\u00bbtrue\u00a0\u00bb color_overlay=\u00a0\u00bbrgba(0,0,0,0.64)\u00a0\u00bb color_overlay_2=\u00a0\u00bbrgba(11,74,59,0.88)\u00a0\u00bb overlay_strength=\u00a0\u00bb0.3&Prime; gradient_direction=\u00a0\u00bbleft_t_to_right_b\u00a0\u00bb shape_divider_position=\u00a0\u00bbbottom\u00a0\u00bb bg_image_animation=\u00a0\u00bbnone\u00a0\u00bb parallax_bg=\u00a0\u00bbtrue\u00a0\u00bb parallax_bg_speed=\u00a0\u00bbfast\u00a0\u00bb shape_type=\u00a0\u00bb\u00a0\u00bb][vc_column column_padding=\u00a0\u00bbno-extra-padding\u00a0\u00bb column_padding_tablet=\u00a0\u00bbinherit\u00a0\u00bb column_padding_phone=\u00a0\u00bbinherit\u00a0\u00bb column_padding_position=\u00a0\u00bball\u00a0\u00bb background_color_opacity=\u00a0\u00bb1&Prime; background_hover_color_opacity=\u00a0\u00bb1&Prime; column_shadow=\u00a0\u00bbnone\u00a0\u00bb column_border_radius=\u00a0\u00bbnone\u00a0\u00bb column_link_target=\u00a0\u00bb_self\u00a0\u00bb gradient_direction=\u00a0\u00bbleft_to_right\u00a0\u00bb overlay_strength=\u00a0\u00bb0.3&Prime; width=\u00a0\u00bb1\/1&Prime; tablet_width_inherit=\u00a0\u00bbdefault\u00a0\u00bb tablet_text_alignment=\u00a0\u00bbdefault\u00a0\u00bb phone_text_alignment=\u00a0\u00bbdefault\u00a0\u00bb column_border_width=\u00a0\u00bbnone\u00a0\u00bb column_border_style=\u00a0\u00bbsolid\u00a0\u00bb bg_image_animation=\u00a0\u00bbnone\u00a0\u00bb][vc_column_text]\n<h1>Contact<\/h1>\n[\/vc_column_text][\/vc_column][\/vc_row][vc_row type=\u00a0\u00bbfull_width_background\u00a0\u00bb full_screen_row_position=\u00a0\u00bbmiddle\u00a0\u00bb column_margin=\u00a0\u00bbdefault\u00a0\u00bb column_direction=\u00a0\u00bbdefault\u00a0\u00bb column_direction_tablet=\u00a0\u00bbdefault\u00a0\u00bb column_direction_phone=\u00a0\u00bbdefault\u00a0\u00bb scene_position=\u00a0\u00bbcenter\u00a0\u00bb top_padding=\u00a0\u00bb5%\u00a0\u00bb bottom_padding=\u00a0\u00bb5%\u00a0\u00bb text_color=\u00a0\u00bbdark\u00a0\u00bb text_align=\u00a0\u00bbleft\u00a0\u00bb row_border_radius=\u00a0\u00bbnone\u00a0\u00bb row_border_radius_applies=\u00a0\u00bbbg\u00a0\u00bb overlay_strength=\u00a0\u00bb0.3&Prime; gradient_direction=\u00a0\u00bbleft_to_right\u00a0\u00bb shape_divider_position=\u00a0\u00bbbottom\u00a0\u00bb bg_image_animation=\u00a0\u00bbnone\u00a0\u00bb shape_type=\u00a0\u00bb\u00a0\u00bb][vc_column column_padding=\u00a0\u00bbpadding-4-percent\u00a0\u00bb column_padding_tablet=\u00a0\u00bbinherit\u00a0\u00bb column_padding_phone=\u00a0\u00bbinherit\u00a0\u00bb column_padding_position=\u00a0\u00bball\u00a0\u00bb bottom_margin=\u00a0\u00bb30&Prime; background_color_opacity=\u00a0\u00bb1&Prime; background_hover_color_opacity=\u00a0\u00bb1&Prime; column_shadow=\u00a0\u00bbnone\u00a0\u00bb column_border_radius=\u00a0\u00bbnone\u00a0\u00bb column_link_target=\u00a0\u00bb_self\u00a0\u00bb gradient_direction=\u00a0\u00bbleft_to_right\u00a0\u00bb overlay_strength=\u00a0\u00bb0.3&Prime; width=\u00a0\u00bb5\/12&Prime; tablet_width_inherit=\u00a0\u00bbdefault\u00a0\u00bb tablet_text_alignment=\u00a0\u00bbdefault\u00a0\u00bb phone_text_alignment=\u00a0\u00bbdefault\u00a0\u00bb column_border_width=\u00a0\u00bbnone\u00a0\u00bb column_border_style=\u00a0\u00bbsolid\u00a0\u00bb bg_image_animation=\u00a0\u00bbnone\u00a0\u00bb][vc_column_text css=\u00a0\u00bb.vc_custom_1600931535056{margin-bottom: 30px !important;}\u00a0\u00bb]\n<h3>N&rsquo;h\u00e9sitez pas \u00e0 nous contacter si vous avez la moindre question.<\/h3>\n[\/vc_column_text][vc_custom_heading text=\u00a0\u00bbBureau de vente\u00a0\u00bb font_container=\u00a0\u00bbtag:p|text_align:left|color:rgba(0%2C0%2C0%2C0.5)\u00a0\u00bb use_theme_fonts=\u00a0\u00bbyes\u00a0\u00bb css=\u00a0\u00bb.vc_custom_1600855321564{margin-bottom: -20px !important;}\u00a0\u00bb][vc_column_text]\n<h4>T\u00e9l\u00e9phone: +30 2310 253758<br \/>\nFax: +30 2310 253763<\/h4>\n[\/vc_column_text][nectar_icon icon_family=\u00a0\u00bbfontawesome\u00a0\u00bb icon_style=\u00a0\u00bbdefault\u00a0\u00bb icon_color_type=\u00a0\u00bbcolor_scheme\u00a0\u00bb icon_color=\u00a0\u00bbAccent-Color\u00a0\u00bb open_new_tab=\u00a0\u00bbtrue\u00a0\u00bb icon_padding=\u00a0\u00bb10px\u00a0\u00bb icon_fontawesome=\u00a0\u00bbfa fa-facebook-square\u00a0\u00bb url=\u00a0\u00bbhttps:\/\/www.facebook.com\/sithoniamelitonslopes\/\u00a0\u00bb icon_size=\u00a0\u00bb25&Prime;][\/vc_column][vc_column column_padding=\u00a0\u00bbpadding-2-percent\u00a0\u00bb column_padding_tablet=\u00a0\u00bbinherit\u00a0\u00bb column_padding_phone=\u00a0\u00bbinherit\u00a0\u00bb column_padding_position=\u00a0\u00bbright\u00a0\u00bb background_color_opacity=\u00a0\u00bb1&Prime; background_hover_color_opacity=\u00a0\u00bb1&Prime; column_shadow=\u00a0\u00bbnone\u00a0\u00bb column_border_radius=\u00a0\u00bbnone\u00a0\u00bb column_link_target=\u00a0\u00bb_self\u00a0\u00bb gradient_direction=\u00a0\u00bbleft_to_right\u00a0\u00bb overlay_strength=\u00a0\u00bb0.3&Prime; width=\u00a0\u00bb7\/12&Prime; tablet_width_inherit=\u00a0\u00bbdefault\u00a0\u00bb tablet_text_alignment=\u00a0\u00bbdefault\u00a0\u00bb phone_text_alignment=\u00a0\u00bbdefault\u00a0\u00bb column_border_width=\u00a0\u00bbnone\u00a0\u00bb column_border_style=\u00a0\u00bbsolid\u00a0\u00bb bg_image_animation=\u00a0\u00bbnone\u00a0\u00bb]\n<div class=\"wpcf7 no-js\" id=\"wpcf7-f7006-o1\" lang=\"en-US\" dir=\"ltr\">\n<div class=\"screen-reader-response\"><p role=\"status\" aria-live=\"polite\" aria-atomic=\"true\"><\/p> <ul><\/ul><\/div>\n<form action=\"\/fr\/wp-json\/wp\/v2\/pages\/6998#wpcf7-f7006-o1\" method=\"post\" class=\"wpcf7-form init\" aria-label=\"Contact form\" novalidate=\"novalidate\" data-status=\"init\">\n<div style=\"display: none;\">\n<input type=\"hidden\" name=\"_wpcf7\" value=\"7006\" \/>\n<input type=\"hidden\" name=\"_wpcf7_version\" value=\"5.8.7\" \/>\n<input type=\"hidden\" name=\"_wpcf7_locale\" value=\"en_US\" \/>\n<input type=\"hidden\" name=\"_wpcf7_unit_tag\" value=\"wpcf7-f7006-o1\" \/>\n<input type=\"hidden\" name=\"_wpcf7_container_post\" value=\"0\" \/>\n<input type=\"hidden\" name=\"_wpcf7_posted_data_hash\" value=\"\" \/>\n<input type=\"hidden\" name=\"_wpcf7_recaptcha_response\" value=\"\" \/>\n<\/div>\n<p><label> Nom *<br \/>\n<span class=\"wpcf7-form-control-wrap\" data-name=\"your-name\"><input size=\"40\" class=\"wpcf7-form-control wpcf7-text wpcf7-validates-as-required\" aria-required=\"true\" aria-invalid=\"false\" value=\"\" type=\"text\" name=\"your-name\" \/><\/span> <\/label>\n<\/p>\n<p><label> Email *<br \/>\n<span class=\"wpcf7-form-control-wrap\" data-name=\"your-email\"><input size=\"40\" class=\"wpcf7-form-control wpcf7-email wpcf7-validates-as-required wpcf7-text wpcf7-validates-as-email\" aria-required=\"true\" aria-invalid=\"false\" value=\"\" type=\"email\" name=\"your-email\" \/><\/span> <\/label>\n<\/p>\n<p><label> Mati\u00e8re<br \/>\n<span class=\"wpcf7-form-control-wrap\" data-name=\"your-subject\"><input size=\"40\" class=\"wpcf7-form-control wpcf7-text\" aria-invalid=\"false\" value=\"\" type=\"text\" name=\"your-subject\" \/><\/span> <\/label>\n<\/p>\n<p><label> Message<br \/>\n<span class=\"wpcf7-form-control-wrap\" data-name=\"your-message\"><textarea cols=\"40\" rows=\"10\" class=\"wpcf7-form-control wpcf7-textarea\" aria-invalid=\"false\" name=\"your-message\"><\/textarea><\/span> <\/label>\n<\/p>\n<p><input class=\"wpcf7-form-control wpcf7-submit has-spinner\" type=\"submit\" value=\"Envoyer\" \/>\n<\/p><div class=\"wpcf7-response-output\" aria-hidden=\"true\"><\/div>\n<\/form>\n<\/div>\n[\/vc_column][\/vc_row]\n","protected":false},"excerpt":{"rendered":"<p>[vc_row type=\u00a0\u00bbfull_width_background\u00a0\u00bb full_screen_row_position=\u00a0\u00bbmiddle\u00a0\u00bb column_margin=\u00a0\u00bbdefault\u00a0\u00bb column_direction=\u00a0\u00bbdefault\u00a0\u00bb column_direction_tablet=\u00a0\u00bbdefault\u00a0\u00bb column_direction_phone=\u00a0\u00bbdefault\u00a0\u00bb bg_image=\u00a0\u00bb6538&Prime; bg_position=\u00a0\u00bbcenter center\u00a0\u00bb bg_repeat=\u00a0\u00bbno-repeat\u00a0\u00bb scene_position=\u00a0\u00bbcenter\u00a0\u00bb top_padding=\u00a0\u00bb13%\u00a0\u00bb bottom_padding=\u00a0\u00bb9%\u00a0\u00bb text_color=\u00a0\u00bblight\u00a0\u00bb text_align=\u00a0\u00bbcenter\u00a0\u00bb row_border_radius=\u00a0\u00bbnone\u00a0\u00bb row_border_radius_applies=\u00a0\u00bbbg\u00a0\u00bb enable_gradient=\u00a0\u00bbtrue\u00a0\u00bb color_overlay=\u00a0\u00bbrgba(0,0,0,0.64)\u00a0\u00bb color_overlay_2=\u00a0\u00bbrgba(11,74,59,0.88)\u00a0\u00bb overlay_strength=\u00a0\u00bb0.3&Prime; gradient_direction=\u00a0\u00bbleft_t_to_right_b\u00a0\u00bb shape_divider_position=\u00a0\u00bbbottom\u00a0\u00bb bg_image_animation=\u00a0\u00bbnone\u00a0\u00bb parallax_bg=\u00a0\u00bbtrue\u00a0\u00bb parallax_bg_speed=\u00a0\u00bbfast\u00a0\u00bb shape_type=\u00a0\u00bb\u00a0\u00bb][vc_column column_padding=\u00a0\u00bbno-extra-padding\u00a0\u00bb column_padding_tablet=\u00a0\u00bbinherit\u00a0\u00bb&#8230;<\/p>\n","protected":false},"author":5,"featured_media":0,"parent":0,"menu_order":0,"comment_status":"closed","ping_status":"closed","template":"","meta":[],"yoast_head":"<!-- This site is optimized with the Yoast SEO plugin v21.8.1 - https:\/\/yoast.com\/wordpress\/plugins\/seo\/ -->\n<title>CONTACT - AOP C\u00f4tes de M\u00e9liton - IGP Sithonie<\/title>\n<meta name=\"description\" content=\"Contact  N&#039;h\u00e9sitez pas \u00e0 nous contacter si vous avez la moindre question.  T\u00e9l\u00e9phone: +30 2310 253758 Fax: +30 2310 253763\" \/>\n<meta name=\"robots\" content=\"index, follow, max-snippet:-1, max-image-preview:large, max-video-preview:-1\" \/>\n<link rel=\"canonical\" href=\"https:\/\/meliton-sithonia.gr\/fr\/contact\/\" \/>\n<meta property=\"og:locale\" content=\"fr_FR\" \/>\n<meta property=\"og:type\" content=\"article\" \/>\n<meta property=\"og:title\" content=\"CONTACT - AOP C\u00f4tes de M\u00e9liton - IGP Sithonie\" \/>\n<meta property=\"og:description\" content=\"Contact  N&#039;h\u00e9sitez pas \u00e0 nous contacter si vous avez la moindre question.  T\u00e9l\u00e9phone: +30 2310 253758 Fax: +30 2310 253763\" \/>\n<meta property=\"og:url\" content=\"https:\/\/meliton-sithonia.gr\/fr\/contact\/\" \/>\n<meta property=\"og:site_name\" content=\"AOP C\u00f4tes de M\u00e9liton - IGP Sithonie\" \/>\n<meta property=\"article:publisher\" content=\"https:\/\/www.facebook.com\/sithoniamelitonslopes\/\" \/>\n<meta property=\"article:modified_time\" content=\"2020-09-24T07:12:24+00:00\" \/>\n<meta name=\"twitter:card\" content=\"summary_large_image\" \/>\n<meta name=\"twitter:label1\" content=\"Dur\u00e9e de lecture estim\u00e9e\" \/>\n\t<meta name=\"twitter:data1\" content=\"2 minutes\" \/>\n<script type=\"application\/ld+json\" class=\"yoast-schema-graph\">{\"@context\":\"https:\/\/schema.org\",\"@graph\":[{\"@type\":\"WebPage\",\"@id\":\"https:\/\/meliton-sithonia.gr\/fr\/contact\/\",\"url\":\"https:\/\/meliton-sithonia.gr\/fr\/contact\/\",\"name\":\"CONTACT - AOP C\u00f4tes de M\u00e9liton - IGP Sithonie\",\"isPartOf\":{\"@id\":\"https:\/\/meliton-sithonia.gr\/fr\/#website\"},\"datePublished\":\"2017-09-02T23:44:53+00:00\",\"dateModified\":\"2020-09-24T07:12:24+00:00\",\"description\":\"Contact N'h\u00e9sitez pas \u00e0 nous contacter si vous avez la moindre question. T\u00e9l\u00e9phone: +30 2310 253758 Fax: +30 2310 253763\",\"breadcrumb\":{\"@id\":\"https:\/\/meliton-sithonia.gr\/fr\/contact\/#breadcrumb\"},\"inLanguage\":\"fr-FR\",\"potentialAction\":[{\"@type\":\"ReadAction\",\"target\":[\"https:\/\/meliton-sithonia.gr\/fr\/contact\/\"]}]},{\"@type\":\"BreadcrumbList\",\"@id\":\"https:\/\/meliton-sithonia.gr\/fr\/contact\/#breadcrumb\",\"itemListElement\":[{\"@type\":\"ListItem\",\"position\":1,\"name\":\"Home\",\"item\":\"https:\/\/meliton-sithonia.gr\/fr\/\"},{\"@type\":\"ListItem\",\"position\":2,\"name\":\"CONTACT\"}]},{\"@type\":\"WebSite\",\"@id\":\"https:\/\/meliton-sithonia.gr\/fr\/#website\",\"url\":\"https:\/\/meliton-sithonia.gr\/fr\/\",\"name\":\"AOP C\u00f4tes de M\u00e9liton - IGP Sithonie\",\"description\":\"Promotional page for Protected Geographical Indication (PGI) Sithonia and Protected Destination of Origin (PDO) Slopes of Meliton Wines. Project co-financed by the European Union and Greece.\",\"publisher\":{\"@id\":\"https:\/\/meliton-sithonia.gr\/fr\/#organization\"},\"potentialAction\":[{\"@type\":\"SearchAction\",\"target\":{\"@type\":\"EntryPoint\",\"urlTemplate\":\"https:\/\/meliton-sithonia.gr\/fr\/?s={search_term_string}\"},\"query-input\":\"required name=search_term_string\"}],\"inLanguage\":\"fr-FR\"},{\"@type\":\"Organization\",\"@id\":\"https:\/\/meliton-sithonia.gr\/fr\/#organization\",\"name\":\"PDO Slopes of Meliton - PGI Sithonia\",\"url\":\"https:\/\/meliton-sithonia.gr\/fr\/\",\"logo\":{\"@type\":\"ImageObject\",\"inLanguage\":\"fr-FR\",\"@id\":\"https:\/\/meliton-sithonia.gr\/fr\/#\/schema\/logo\/image\/\",\"url\":\"http:\/\/meliton-sithonia.gr\/wp-content\/uploads\/2020\/09\/LOGO-GR_ENG_-1.png\",\"contentUrl\":\"http:\/\/meliton-sithonia.gr\/wp-content\/uploads\/2020\/09\/LOGO-GR_ENG_-1.png\",\"width\":598,\"height\":696,\"caption\":\"PDO Slopes of Meliton - PGI Sithonia\"},\"image\":{\"@id\":\"https:\/\/meliton-sithonia.gr\/fr\/#\/schema\/logo\/image\/\"},\"sameAs\":[\"https:\/\/www.facebook.com\/sithoniamelitonslopes\/\"]}]}<\/script>\n<!-- \/ Yoast SEO plugin. -->","yoast_head_json":{"title":"CONTACT - AOP C\u00f4tes de M\u00e9liton - IGP Sithonie","description":"Contact  N'h\u00e9sitez pas \u00e0 nous contacter si vous avez la moindre question.  T\u00e9l\u00e9phone: +30 2310 253758 Fax: +30 2310 253763","robots":{"index":"index","follow":"follow","max-snippet":"max-snippet:-1","max-image-preview":"max-image-preview:large","max-video-preview":"max-video-preview:-1"},"canonical":"https:\/\/meliton-sithonia.gr\/fr\/contact\/","og_locale":"fr_FR","og_type":"article","og_title":"CONTACT - AOP C\u00f4tes de M\u00e9liton - IGP Sithonie","og_description":"Contact  N'h\u00e9sitez pas \u00e0 nous contacter si vous avez la moindre question.  T\u00e9l\u00e9phone: +30 2310 253758 Fax: +30 2310 253763","og_url":"https:\/\/meliton-sithonia.gr\/fr\/contact\/","og_site_name":"AOP C\u00f4tes de M\u00e9liton - IGP Sithonie","article_publisher":"https:\/\/www.facebook.com\/sithoniamelitonslopes\/","article_modified_time":"2020-09-24T07:12:24+00:00","twitter_card":"summary_large_image","twitter_misc":{"Dur\u00e9e de lecture estim\u00e9e":"2 minutes"},"schema":{"@context":"https:\/\/schema.org","@graph":[{"@type":"WebPage","@id":"https:\/\/meliton-sithonia.gr\/fr\/contact\/","url":"https:\/\/meliton-sithonia.gr\/fr\/contact\/","name":"CONTACT - AOP C\u00f4tes de M\u00e9liton - IGP Sithonie","isPartOf":{"@id":"https:\/\/meliton-sithonia.gr\/fr\/#website"},"datePublished":"2017-09-02T23:44:53+00:00","dateModified":"2020-09-24T07:12:24+00:00","description":"Contact N'h\u00e9sitez pas \u00e0 nous contacter si vous avez la moindre question. T\u00e9l\u00e9phone: +30 2310 253758 Fax: +30 2310 253763","breadcrumb":{"@id":"https:\/\/meliton-sithonia.gr\/fr\/contact\/#breadcrumb"},"inLanguage":"fr-FR","potentialAction":[{"@type":"ReadAction","target":["https:\/\/meliton-sithonia.gr\/fr\/contact\/"]}]},{"@type":"BreadcrumbList","@id":"https:\/\/meliton-sithonia.gr\/fr\/contact\/#breadcrumb","itemListElement":[{"@type":"ListItem","position":1,"name":"Home","item":"https:\/\/meliton-sithonia.gr\/fr\/"},{"@type":"ListItem","position":2,"name":"CONTACT"}]},{"@type":"WebSite","@id":"https:\/\/meliton-sithonia.gr\/fr\/#website","url":"https:\/\/meliton-sithonia.gr\/fr\/","name":"AOP C\u00f4tes de M\u00e9liton - IGP Sithonie","description":"Promotional page for Protected Geographical Indication (PGI) Sithonia and Protected Destination of Origin (PDO) Slopes of Meliton Wines. Project co-financed by the European Union and Greece.","publisher":{"@id":"https:\/\/meliton-sithonia.gr\/fr\/#organization"},"potentialAction":[{"@type":"SearchAction","target":{"@type":"EntryPoint","urlTemplate":"https:\/\/meliton-sithonia.gr\/fr\/?s={search_term_string}"},"query-input":"required name=search_term_string"}],"inLanguage":"fr-FR"},{"@type":"Organization","@id":"https:\/\/meliton-sithonia.gr\/fr\/#organization","name":"PDO Slopes of Meliton - PGI Sithonia","url":"https:\/\/meliton-sithonia.gr\/fr\/","logo":{"@type":"ImageObject","inLanguage":"fr-FR","@id":"https:\/\/meliton-sithonia.gr\/fr\/#\/schema\/logo\/image\/","url":"http:\/\/meliton-sithonia.gr\/wp-content\/uploads\/2020\/09\/LOGO-GR_ENG_-1.png","contentUrl":"http:\/\/meliton-sithonia.gr\/wp-content\/uploads\/2020\/09\/LOGO-GR_ENG_-1.png","width":598,"height":696,"caption":"PDO Slopes of Meliton - PGI Sithonia"},"image":{"@id":"https:\/\/meliton-sithonia.gr\/fr\/#\/schema\/logo\/image\/"},"sameAs":["https:\/\/www.facebook.com\/sithoniamelitonslopes\/"]}]}},"_links":{"self":[{"href":"https:\/\/meliton-sithonia.gr\/fr\/wp-json\/wp\/v2\/pages\/6998"}],"collection":[{"href":"https:\/\/meliton-sithonia.gr\/fr\/wp-json\/wp\/v2\/pages"}],"about":[{"href":"https:\/\/meliton-sithonia.gr\/fr\/wp-json\/wp\/v2\/types\/page"}],"author":[{"embeddable":true,"href":"https:\/\/meliton-sithonia.gr\/fr\/wp-json\/wp\/v2\/users\/5"}],"replies":[{"embeddable":true,"href":"https:\/\/meliton-sithonia.gr\/fr\/wp-json\/wp\/v2\/comments?post=6998"}],"version-history":[{"count":0,"href":"https:\/\/meliton-sithonia.gr\/fr\/wp-json\/wp\/v2\/pages\/6998\/revisions"}],"wp:attachment":[{"href":"https:\/\/meliton-sithonia.gr\/fr\/wp-json\/wp\/v2\/media?parent=6998"}],"curies":[{"name":"wp","href":"https:\/\/api.w.org\/{rel}","templated":true}]}}