{"id":6977,"date":"2020-09-21T11:53:54","date_gmt":"2020-09-21T08:53:54","guid":{"rendered":"http:\/\/meliton-sithonia.gr\/viticultural-heritage\/"},"modified":"2022-07-27T15:56:34","modified_gmt":"2022-07-27T12:56:34","slug":"viticultural-heritage","status":"publish","type":"page","link":"https:\/\/meliton-sithonia.gr\/fr\/viticultural-heritage\/","title":{"rendered":"Gr\u00e8ce : un tr\u00e9sor de vignes et de vin"},"content":{"rendered":"[vc_row type=\u00a0\u00bbfull_width_background\u00a0\u00bb full_screen_row_position=\u00a0\u00bbmiddle\u00a0\u00bb column_margin=\u00a0\u00bbdefault\u00a0\u00bb column_direction=\u00a0\u00bbdefault\u00a0\u00bb column_direction_tablet=\u00a0\u00bbdefault\u00a0\u00bb column_direction_phone=\u00a0\u00bbdefault\u00a0\u00bb bg_color=\u00a0\u00bb#ffffff\u00a0\u00bb bg_image=\u00a0\u00bb6652&Prime; bg_position=\u00a0\u00bbleft top\u00a0\u00bb bg_repeat=\u00a0\u00bbno-repeat\u00a0\u00bb scene_position=\u00a0\u00bbcenter\u00a0\u00bb top_padding=\u00a0\u00bb15%\u00a0\u00bb bottom_padding=\u00a0\u00bb13%\u00a0\u00bb text_color=\u00a0\u00bblight\u00a0\u00bb text_align=\u00a0\u00bbcenter\u00a0\u00bb row_border_radius=\u00a0\u00bbnone\u00a0\u00bb row_border_radius_applies=\u00a0\u00bbbg\u00a0\u00bb enable_gradient=\u00a0\u00bbtrue\u00a0\u00bb color_overlay=\u00a0\u00bbrgba(0,0,0,0.94)\u00a0\u00bb color_overlay_2=\u00a0\u00bbrgba(11,74,59,0.71)\u00a0\u00bb overlay_strength=\u00a0\u00bb0.3&Prime; gradient_direction=\u00a0\u00bbleft_t_to_right_b\u00a0\u00bb shape_divider_position=\u00a0\u00bbbottom\u00a0\u00bb shape_divider_height=\u00a0\u00bb400&Prime; bg_image_animation=\u00a0\u00bbnone\u00a0\u00bb parallax_bg=\u00a0\u00bbtrue\u00a0\u00bb parallax_bg_speed=\u00a0\u00bbfast\u00a0\u00bb shape_type=\u00a0\u00bbwaves_opacity_alt\u00a0\u00bb][vc_column column_padding=\u00a0\u00bbno-extra-padding\u00a0\u00bb column_padding_tablet=\u00a0\u00bbinherit\u00a0\u00bb column_padding_phone=\u00a0\u00bbinherit\u00a0\u00bb column_padding_position=\u00a0\u00bball\u00a0\u00bb background_color_opacity=\u00a0\u00bb1&Prime; background_hover_color_opacity=\u00a0\u00bb1&Prime; column_shadow=\u00a0\u00bbnone\u00a0\u00bb column_border_radius=\u00a0\u00bbnone\u00a0\u00bb column_link_target=\u00a0\u00bb_self\u00a0\u00bb gradient_direction=\u00a0\u00bbleft_to_right\u00a0\u00bb overlay_strength=\u00a0\u00bb0.3&Prime; width=\u00a0\u00bb1\/1&Prime; tablet_width_inherit=\u00a0\u00bbdefault\u00a0\u00bb tablet_text_alignment=\u00a0\u00bbdefault\u00a0\u00bb phone_text_alignment=\u00a0\u00bbdefault\u00a0\u00bb column_border_width=\u00a0\u00bbnone\u00a0\u00bb column_border_style=\u00a0\u00bbsolid\u00a0\u00bb bg_image_animation=\u00a0\u00bbnone\u00a0\u00bb][split_line_heading animation_type=\u00a0\u00bbdefault\u00a0\u00bb]\n<h1>Gr\u00e8ce : un tr\u00e9sor de vignes et de vin<\/h1>\n[\/split_line_heading][\/vc_column][\/vc_row][vc_row type=\u00a0\u00bbfull_width_background\u00a0\u00bb full_screen_row_position=\u00a0\u00bbmiddle\u00a0\u00bb column_margin=\u00a0\u00bbdefault\u00a0\u00bb column_direction=\u00a0\u00bbdefault\u00a0\u00bb column_direction_tablet=\u00a0\u00bbdefault\u00a0\u00bb column_direction_phone=\u00a0\u00bbdefault\u00a0\u00bb bg_color=\u00a0\u00bb#ffffff\u00a0\u00bb scene_position=\u00a0\u00bbcenter\u00a0\u00bb top_padding=\u00a0\u00bb5%\u00a0\u00bb bottom_padding=\u00a0\u00bb5%\u00a0\u00bb text_color=\u00a0\u00bbdark\u00a0\u00bb text_align=\u00a0\u00bbcenter\u00a0\u00bb row_border_radius=\u00a0\u00bbnone\u00a0\u00bb row_border_radius_applies=\u00a0\u00bbbg\u00a0\u00bb id=\u00a0\u00bbdiscover\u00a0\u00bb overlay_strength=\u00a0\u00bb1&Prime; gradient_direction=\u00a0\u00bbleft_to_right\u00a0\u00bb shape_divider_position=\u00a0\u00bbbottom\u00a0\u00bb bg_image_animation=\u00a0\u00bbnone\u00a0\u00bb shape_type=\u00a0\u00bb\u00a0\u00bb][vc_column column_padding=\u00a0\u00bbno-extra-padding\u00a0\u00bb column_padding_tablet=\u00a0\u00bbinherit\u00a0\u00bb column_padding_phone=\u00a0\u00bbinherit\u00a0\u00bb column_padding_position=\u00a0\u00bball\u00a0\u00bb background_color_opacity=\u00a0\u00bb1&Prime; background_hover_color_opacity=\u00a0\u00bb1&Prime; column_shadow=\u00a0\u00bbnone\u00a0\u00bb column_border_radius=\u00a0\u00bbnone\u00a0\u00bb column_link_target=\u00a0\u00bb_self\u00a0\u00bb gradient_direction=\u00a0\u00bbleft_to_right\u00a0\u00bb overlay_strength=\u00a0\u00bb0.3&Prime; width=\u00a0\u00bb1\/1&Prime; tablet_width_inherit=\u00a0\u00bbdefault\u00a0\u00bb tablet_text_alignment=\u00a0\u00bbdefault\u00a0\u00bb phone_text_alignment=\u00a0\u00bbdefault\u00a0\u00bb column_border_width=\u00a0\u00bbnone\u00a0\u00bb column_border_style=\u00a0\u00bbsolid\u00a0\u00bb bg_image_animation=\u00a0\u00bbnone\u00a0\u00bb][vc_row_inner column_margin=\u00a0\u00bbdefault\u00a0\u00bb column_direction=\u00a0\u00bbdefault\u00a0\u00bb column_direction_tablet=\u00a0\u00bbdefault\u00a0\u00bb column_direction_phone=\u00a0\u00bbdefault\u00a0\u00bb text_align=\u00a0\u00bbleft\u00a0\u00bb][vc_column_inner column_padding=\u00a0\u00bbpadding-3-percent\u00a0\u00bb column_padding_tablet=\u00a0\u00bbinherit\u00a0\u00bb column_padding_phone=\u00a0\u00bbinherit\u00a0\u00bb column_padding_position=\u00a0\u00bbtop-bottom\u00a0\u00bb background_color_opacity=\u00a0\u00bb1&Prime; background_hover_color_opacity=\u00a0\u00bb1&Prime; column_shadow=\u00a0\u00bbnone\u00a0\u00bb column_border_radius=\u00a0\u00bbnone\u00a0\u00bb column_link_target=\u00a0\u00bb_self\u00a0\u00bb gradient_direction=\u00a0\u00bbleft_to_right\u00a0\u00bb overlay_strength=\u00a0\u00bb0.3&Prime; width=\u00a0\u00bb1\/6&Prime; tablet_width_inherit=\u00a0\u00bbdefault\u00a0\u00bb column_border_width=\u00a0\u00bbnone\u00a0\u00bb column_border_style=\u00a0\u00bbsolid\u00a0\u00bb bg_image_animation=\u00a0\u00bbnone\u00a0\u00bb][\/vc_column_inner][vc_column_inner column_padding=\u00a0\u00bbno-extra-padding\u00a0\u00bb column_padding_tablet=\u00a0\u00bbinherit\u00a0\u00bb column_padding_phone=\u00a0\u00bbinherit\u00a0\u00bb column_padding_position=\u00a0\u00bball\u00a0\u00bb background_color_opacity=\u00a0\u00bb1&Prime; background_hover_color_opacity=\u00a0\u00bb1&Prime; column_shadow=\u00a0\u00bbnone\u00a0\u00bb column_border_radius=\u00a0\u00bbnone\u00a0\u00bb column_link_target=\u00a0\u00bb_self\u00a0\u00bb gradient_direction=\u00a0\u00bbleft_to_right\u00a0\u00bb overlay_strength=\u00a0\u00bb0.3&Prime; width=\u00a0\u00bb2\/3&Prime; tablet_width_inherit=\u00a0\u00bbdefault\u00a0\u00bb column_border_width=\u00a0\u00bbnone\u00a0\u00bb column_border_style=\u00a0\u00bbsolid\u00a0\u00bb bg_image_animation=\u00a0\u00bbnone\u00a0\u00bb][vc_column_text]La tradition vinicole en Gr\u00e8ce remonte \u00e0 2500 av. J.-C. Ce don des dieux ne manquait jamais de la table des simples gens du peuple ni de celle des seigneurs. Un verre de vin de leur vignoble, rendait la fatigue et la peine plus supportables. Dor\u00e9navant, ce m\u00eame vin grec a conquis des distinctions internationales et la production du pays s\u2019appuie sur une tradition vitivinicole dont les racines sont fortes.<\/p>\n<p>La Gr\u00e8ce est incontestablement dot\u00e9e d\u2019une des traditions vinicoles les plus anciennes du monde. En effet, depuis l\u2019Antiquit\u00e9, le vin a toujours fait partie int\u00e9grante de la culture. M\u00eame si elle ne fut pas le premier pays \u00e0 produire du vin, le d\u00e9veloppement de la culture vinicole, incluant la culture, la production du vin, la l\u00e9gislation, le commerce et, bien entendu, l\u2019art de consommer le vin, peut \u00eatre attribu\u00e9 aux Grecs anciens. D\u2019ailleurs, l\u2019h\u00e9ritage de la Gr\u00e8ce classique ne manque pas de charmer, notamment, les populations les plus instruites de la plan\u00e8te, ce renforce encore plus cette conviction.<\/p>\n<p>Depuis plusieurs d\u00e9cennies, les vins grecs innovent de fa\u00e7on remarquable. La mise en avant de leur qualit\u00e9 et de leur caract\u00e8re ainsi que le renforcement de leur image sur le march\u00e9 international du vin passent par des actions innovantes qui touchent aussi bien la vigne\u2026 que la bouteille. Les viticulteurs contemporains mettent en \u0153uvre des pratiques vinicoles uniques qui leur ont permis de cr\u00e9er d\u2019excellents vins dont bon nombre sont des appellations d\u2019origine dor\u00e9navant mondialement connues.<\/p>\n<p>Parmi eux figurent \u00e9galement les vins de Chalcidique qui, depuis l\u2019Antiquit\u00e9, \u00e9taient particuli\u00e8rement r\u00e9put\u00e9s. Des t\u00e9moignages qui remontent au 5\u00e8me si\u00e8cle av. J.-C. citent le <em>blanc aust\u00e8re<\/em> (vin blanc sec) et le <em>vin doux <\/em>(demi-doux) de Mendi, ville situ\u00e9e dans la partie sud-ouest de la p\u00e9ninsule de Kassandra. Le panth\u00e9on de la r\u00e9putation incluait \u00e9galement Akanthos (Ierissos), Afytis (Afytos). A Stagire, Aristote cr\u00e9a le premier vignoble mod\u00e8le.[\/vc_column_text][\/vc_column_inner][vc_column_inner column_padding=\u00a0\u00bbno-extra-padding\u00a0\u00bb column_padding_tablet=\u00a0\u00bbinherit\u00a0\u00bb column_padding_phone=\u00a0\u00bbinherit\u00a0\u00bb column_padding_position=\u00a0\u00bball\u00a0\u00bb background_color_opacity=\u00a0\u00bb1&Prime; background_hover_color_opacity=\u00a0\u00bb1&Prime; column_shadow=\u00a0\u00bbnone\u00a0\u00bb column_border_radius=\u00a0\u00bbnone\u00a0\u00bb column_link_target=\u00a0\u00bb_self\u00a0\u00bb gradient_direction=\u00a0\u00bbleft_to_right\u00a0\u00bb overlay_strength=\u00a0\u00bb0.3&Prime; width=\u00a0\u00bb1\/6&Prime; tablet_width_inherit=\u00a0\u00bbdefault\u00a0\u00bb column_border_width=\u00a0\u00bbnone\u00a0\u00bb column_border_style=\u00a0\u00bbsolid\u00a0\u00bb bg_image_animation=\u00a0\u00bbnone\u00a0\u00bb][\/vc_column_inner][\/vc_row_inner][\/vc_column][\/vc_row][vc_row type=\u00a0\u00bbfull_width_background\u00a0\u00bb full_screen_row_position=\u00a0\u00bbmiddle\u00a0\u00bb column_margin=\u00a0\u00bbdefault\u00a0\u00bb column_direction=\u00a0\u00bbdefault\u00a0\u00bb column_direction_tablet=\u00a0\u00bbdefault\u00a0\u00bb column_direction_phone=\u00a0\u00bbdefault\u00a0\u00bb bg_color=\u00a0\u00bb#d5cac0&Prime; scene_position=\u00a0\u00bbcenter\u00a0\u00bb top_padding=\u00a0\u00bb19%\u00a0\u00bb bottom_padding=\u00a0\u00bb9%\u00a0\u00bb text_color=\u00a0\u00bblight\u00a0\u00bb text_align=\u00a0\u00bbleft\u00a0\u00bb row_border_radius=\u00a0\u00bbnone\u00a0\u00bb row_border_radius_applies=\u00a0\u00bbbg\u00a0\u00bb disable_element=\u00a0\u00bbyes\u00a0\u00bb enable_gradient=\u00a0\u00bbtrue\u00a0\u00bb color_overlay=\u00a0\u00bbrgba(11,74,59,0.71)\u00a0\u00bb color_overlay_2=\u00a0\u00bbrgba(213,202,192,0.71)\u00a0\u00bb overlay_strength=\u00a0\u00bb1&Prime; gradient_direction=\u00a0\u00bbtop_to_bottom\u00a0\u00bb enable_shape_divider=\u00a0\u00bbtrue\u00a0\u00bb shape_divider_position=\u00a0\u00bbtop\u00a0\u00bb shape_divider_height=\u00a0\u00bb350&Prime; bg_image_animation=\u00a0\u00bbnone\u00a0\u00bb shape_type=\u00a0\u00bbwaves_opacity_alt\u00a0\u00bb][vc_column column_padding=\u00a0\u00bbno-extra-padding\u00a0\u00bb column_padding_tablet=\u00a0\u00bbinherit\u00a0\u00bb column_padding_phone=\u00a0\u00bbinherit\u00a0\u00bb column_padding_position=\u00a0\u00bball\u00a0\u00bb centered_text=\u00a0\u00bbtrue\u00a0\u00bb background_color_opacity=\u00a0\u00bb1&Prime; background_hover_color_opacity=\u00a0\u00bb1&Prime; column_shadow=\u00a0\u00bbnone\u00a0\u00bb column_border_radius=\u00a0\u00bbnone\u00a0\u00bb column_link_target=\u00a0\u00bb_self\u00a0\u00bb gradient_direction=\u00a0\u00bbleft_to_right\u00a0\u00bb overlay_strength=\u00a0\u00bb0.3&Prime; width=\u00a0\u00bb1\/6&Prime; tablet_width_inherit=\u00a0\u00bbdefault\u00a0\u00bb tablet_text_alignment=\u00a0\u00bbdefault\u00a0\u00bb phone_text_alignment=\u00a0\u00bbdefault\u00a0\u00bb column_border_width=\u00a0\u00bbnone\u00a0\u00bb column_border_style=\u00a0\u00bbsolid\u00a0\u00bb bg_image_animation=\u00a0\u00bbnone\u00a0\u00bb][\/vc_column][vc_column column_padding=\u00a0\u00bbno-extra-padding\u00a0\u00bb column_padding_tablet=\u00a0\u00bbinherit\u00a0\u00bb column_padding_phone=\u00a0\u00bbinherit\u00a0\u00bb column_padding_position=\u00a0\u00bball\u00a0\u00bb centered_text=\u00a0\u00bbtrue\u00a0\u00bb background_color_opacity=\u00a0\u00bb1&Prime; background_hover_color_opacity=\u00a0\u00bb1&Prime; column_shadow=\u00a0\u00bbnone\u00a0\u00bb column_border_radius=\u00a0\u00bbnone\u00a0\u00bb column_link_target=\u00a0\u00bb_self\u00a0\u00bb gradient_direction=\u00a0\u00bbleft_to_right\u00a0\u00bb overlay_strength=\u00a0\u00bb0.3&Prime; width=\u00a0\u00bb2\/3&Prime; tablet_width_inherit=\u00a0\u00bbdefault\u00a0\u00bb tablet_text_alignment=\u00a0\u00bbdefault\u00a0\u00bb phone_text_alignment=\u00a0\u00bbdefault\u00a0\u00bb column_border_width=\u00a0\u00bbnone\u00a0\u00bb column_border_style=\u00a0\u00bbsolid\u00a0\u00bb bg_image_animation=\u00a0\u00bbnone\u00a0\u00bb][vc_row_inner column_margin=\u00a0\u00bbdefault\u00a0\u00bb column_direction=\u00a0\u00bbdefault\u00a0\u00bb column_direction_tablet=\u00a0\u00bbdefault\u00a0\u00bb column_direction_phone=\u00a0\u00bbdefault\u00a0\u00bb text_align=\u00a0\u00bbleft\u00a0\u00bb][vc_column_inner column_padding=\u00a0\u00bbno-extra-padding\u00a0\u00bb column_padding_tablet=\u00a0\u00bbinherit\u00a0\u00bb column_padding_phone=\u00a0\u00bbinherit\u00a0\u00bb column_padding_position=\u00a0\u00bball\u00a0\u00bb centered_text=\u00a0\u00bbtrue\u00a0\u00bb background_color_opacity=\u00a0\u00bb1&Prime; background_hover_color_opacity=\u00a0\u00bb1&Prime; column_shadow=\u00a0\u00bbnone\u00a0\u00bb column_border_radius=\u00a0\u00bbnone\u00a0\u00bb column_link_target=\u00a0\u00bb_self\u00a0\u00bb gradient_direction=\u00a0\u00bbleft_to_right\u00a0\u00bb overlay_strength=\u00a0\u00bb0.3&Prime; width=\u00a0\u00bb1\/1&Prime; tablet_width_inherit=\u00a0\u00bbdefault\u00a0\u00bb column_border_width=\u00a0\u00bbnone\u00a0\u00bb column_border_style=\u00a0\u00bbsolid\u00a0\u00bb bg_image_animation=\u00a0\u00bbnone\u00a0\u00bb enable_animation=\u00a0\u00bbtrue\u00a0\u00bb animation=\u00a0\u00bbfade-in-from-bottom\u00a0\u00bb][vc_column_text]\n<h2>We love talking about our wines.<\/h2>\n[\/vc_column_text][\/vc_column_inner][\/vc_row_inner][vc_row_inner column_margin=\u00a0\u00bbdefault\u00a0\u00bb column_direction=\u00a0\u00bbdefault\u00a0\u00bb column_direction_tablet=\u00a0\u00bbdefault\u00a0\u00bb column_direction_phone=\u00a0\u00bbdefault\u00a0\u00bb text_align=\u00a0\u00bbleft\u00a0\u00bb][vc_column_inner column_padding=\u00a0\u00bbno-extra-padding\u00a0\u00bb column_padding_tablet=\u00a0\u00bbinherit\u00a0\u00bb column_padding_phone=\u00a0\u00bbinherit\u00a0\u00bb column_padding_position=\u00a0\u00bball\u00a0\u00bb background_color_opacity=\u00a0\u00bb1&Prime; background_hover_color_opacity=\u00a0\u00bb1&Prime; column_shadow=\u00a0\u00bbnone\u00a0\u00bb column_border_radius=\u00a0\u00bbnone\u00a0\u00bb column_link_target=\u00a0\u00bb_self\u00a0\u00bb gradient_direction=\u00a0\u00bbleft_to_right\u00a0\u00bb overlay_strength=\u00a0\u00bb0.3&Prime; width=\u00a0\u00bb1\/1&Prime; tablet_width_inherit=\u00a0\u00bbdefault\u00a0\u00bb column_border_width=\u00a0\u00bbnone\u00a0\u00bb column_border_style=\u00a0\u00bbsolid\u00a0\u00bb bg_image_animation=\u00a0\u00bbnone\u00a0\u00bb enable_animation=\u00a0\u00bbtrue\u00a0\u00bb animation=\u00a0\u00bbfade-in-from-bottom\u00a0\u00bb delay=\u00a0\u00bb100&Prime;][nectar_btn size=\u00a0\u00bbjumbo\u00a0\u00bb button_style=\u00a0\u00bbsee-through-2&Prime; color_override=\u00a0\u00bb#ffffff\u00a0\u00bb hover_color_override=\u00a0\u00bb#ffffff\u00a0\u00bb hover_text_color_override=\u00a0\u00bb#000000&Prime; icon_family=\u00a0\u00bbnone\u00a0\u00bb url=\u00a0\u00bb\/contact\u00a0\u00bb text=\u00a0\u00bbCONTACT US\u00a0\u00bb margin_top=\u00a0\u00bb25&Prime; margin_right=\u00a0\u00bb10&Prime; margin_left=\u00a0\u00bb10&Prime;][\/vc_column_inner][\/vc_row_inner][\/vc_column][vc_column column_padding=\u00a0\u00bbno-extra-padding\u00a0\u00bb column_padding_tablet=\u00a0\u00bbinherit\u00a0\u00bb column_padding_phone=\u00a0\u00bbinherit\u00a0\u00bb column_padding_position=\u00a0\u00bball\u00a0\u00bb background_color_opacity=\u00a0\u00bb1&Prime; background_hover_color_opacity=\u00a0\u00bb1&Prime; column_shadow=\u00a0\u00bbnone\u00a0\u00bb column_border_radius=\u00a0\u00bbnone\u00a0\u00bb column_link_target=\u00a0\u00bb_self\u00a0\u00bb gradient_direction=\u00a0\u00bbleft_to_right\u00a0\u00bb overlay_strength=\u00a0\u00bb0.3&Prime; width=\u00a0\u00bb1\/6&Prime; tablet_width_inherit=\u00a0\u00bbdefault\u00a0\u00bb tablet_text_alignment=\u00a0\u00bbdefault\u00a0\u00bb phone_text_alignment=\u00a0\u00bbdefault\u00a0\u00bb column_border_width=\u00a0\u00bbnone\u00a0\u00bb column_border_style=\u00a0\u00bbsolid\u00a0\u00bb bg_image_animation=\u00a0\u00bbnone\u00a0\u00bb][\/vc_column][\/vc_row]\n","protected":false},"excerpt":{"rendered":"<p>[vc_row type=\u00a0\u00bbfull_width_background\u00a0\u00bb full_screen_row_position=\u00a0\u00bbmiddle\u00a0\u00bb column_margin=\u00a0\u00bbdefault\u00a0\u00bb column_direction=\u00a0\u00bbdefault\u00a0\u00bb column_direction_tablet=\u00a0\u00bbdefault\u00a0\u00bb column_direction_phone=\u00a0\u00bbdefault\u00a0\u00bb bg_color=\u00a0\u00bb#ffffff\u00a0\u00bb bg_image=\u00a0\u00bb6652&Prime; bg_position=\u00a0\u00bbleft top\u00a0\u00bb bg_repeat=\u00a0\u00bbno-repeat\u00a0\u00bb scene_position=\u00a0\u00bbcenter\u00a0\u00bb top_padding=\u00a0\u00bb15%\u00a0\u00bb bottom_padding=\u00a0\u00bb13%\u00a0\u00bb text_color=\u00a0\u00bblight\u00a0\u00bb text_align=\u00a0\u00bbcenter\u00a0\u00bb row_border_radius=\u00a0\u00bbnone\u00a0\u00bb row_border_radius_applies=\u00a0\u00bbbg\u00a0\u00bb enable_gradient=\u00a0\u00bbtrue\u00a0\u00bb color_overlay=\u00a0\u00bbrgba(0,0,0,0.94)\u00a0\u00bb color_overlay_2=\u00a0\u00bbrgba(11,74,59,0.71)\u00a0\u00bb overlay_strength=\u00a0\u00bb0.3&Prime; gradient_direction=\u00a0\u00bbleft_t_to_right_b\u00a0\u00bb shape_divider_position=\u00a0\u00bbbottom\u00a0\u00bb shape_divider_height=\u00a0\u00bb400&Prime; bg_image_animation=\u00a0\u00bbnone\u00a0\u00bb parallax_bg=\u00a0\u00bbtrue\u00a0\u00bb parallax_bg_speed=\u00a0\u00bbfast\u00a0\u00bb shape_type=\u00a0\u00bbwaves_opacity_alt\u00a0\u00bb][vc_column&#8230;<\/p>\n","protected":false},"author":5,"featured_media":0,"parent":0,"menu_order":0,"comment_status":"closed","ping_status":"closed","template":"","meta":[],"yoast_head":"<!-- This site is optimized with the Yoast SEO plugin v21.8.1 - https:\/\/yoast.com\/wordpress\/plugins\/seo\/ -->\n<title>Gr\u00e8ce : un tr\u00e9sor de vignes et de vin - AOP C\u00f4tes de M\u00e9liton - IGP Sithonie<\/title>\n<meta name=\"description\" content=\"Gr\u00e8ce : un tr\u00e9sor de vignes et de vin La tradition vinicole en Gr\u00e8ce remonte \u00e0 2500 av. J.-C. Ce don des dieux ne manquait jamais de la table des simples\" \/>\n<meta name=\"robots\" content=\"index, follow, max-snippet:-1, max-image-preview:large, max-video-preview:-1\" \/>\n<link rel=\"canonical\" href=\"https:\/\/meliton-sithonia.gr\/fr\/viticultural-heritage\/\" \/>\n<meta property=\"og:locale\" content=\"fr_FR\" \/>\n<meta property=\"og:type\" content=\"article\" \/>\n<meta property=\"og:title\" content=\"Gr\u00e8ce : un tr\u00e9sor de vignes et de vin - AOP C\u00f4tes de M\u00e9liton - IGP Sithonie\" \/>\n<meta property=\"og:description\" content=\"Gr\u00e8ce : un tr\u00e9sor de vignes et de vin La tradition vinicole en Gr\u00e8ce remonte \u00e0 2500 av. J.-C. Ce don des dieux ne manquait jamais de la table des simples\" \/>\n<meta property=\"og:url\" content=\"https:\/\/meliton-sithonia.gr\/fr\/viticultural-heritage\/\" \/>\n<meta property=\"og:site_name\" content=\"AOP C\u00f4tes de M\u00e9liton - IGP Sithonie\" \/>\n<meta property=\"article:publisher\" content=\"https:\/\/www.facebook.com\/sithoniamelitonslopes\/\" \/>\n<meta property=\"article:modified_time\" content=\"2022-07-27T12:56:34+00:00\" \/>\n<meta name=\"twitter:card\" content=\"summary_large_image\" \/>\n<meta name=\"twitter:label1\" content=\"Dur\u00e9e de lecture estim\u00e9e\" \/>\n\t<meta name=\"twitter:data1\" content=\"3 minutes\" \/>\n<script type=\"application\/ld+json\" class=\"yoast-schema-graph\">{\"@context\":\"https:\/\/schema.org\",\"@graph\":[{\"@type\":\"WebPage\",\"@id\":\"https:\/\/meliton-sithonia.gr\/fr\/viticultural-heritage\/\",\"url\":\"https:\/\/meliton-sithonia.gr\/fr\/viticultural-heritage\/\",\"name\":\"Gr\u00e8ce : un tr\u00e9sor de vignes et de vin - AOP C\u00f4tes de M\u00e9liton - IGP Sithonie\",\"isPartOf\":{\"@id\":\"https:\/\/meliton-sithonia.gr\/fr\/#website\"},\"datePublished\":\"2020-09-21T08:53:54+00:00\",\"dateModified\":\"2022-07-27T12:56:34+00:00\",\"description\":\"Gr\u00e8ce : un tr\u00e9sor de vignes et de vin La tradition vinicole en Gr\u00e8ce remonte \u00e0 2500 av. J.-C. Ce don des dieux ne manquait jamais de la table des simples\",\"breadcrumb\":{\"@id\":\"https:\/\/meliton-sithonia.gr\/fr\/viticultural-heritage\/#breadcrumb\"},\"inLanguage\":\"fr-FR\",\"potentialAction\":[{\"@type\":\"ReadAction\",\"target\":[\"https:\/\/meliton-sithonia.gr\/fr\/viticultural-heritage\/\"]}]},{\"@type\":\"BreadcrumbList\",\"@id\":\"https:\/\/meliton-sithonia.gr\/fr\/viticultural-heritage\/#breadcrumb\",\"itemListElement\":[{\"@type\":\"ListItem\",\"position\":1,\"name\":\"Home\",\"item\":\"https:\/\/meliton-sithonia.gr\/fr\/\"},{\"@type\":\"ListItem\",\"position\":2,\"name\":\"Gr\u00e8ce : un tr\u00e9sor de vignes et de vin\"}]},{\"@type\":\"WebSite\",\"@id\":\"https:\/\/meliton-sithonia.gr\/fr\/#website\",\"url\":\"https:\/\/meliton-sithonia.gr\/fr\/\",\"name\":\"AOP C\u00f4tes de M\u00e9liton - IGP Sithonie\",\"description\":\"Promotional page for Protected Geographical Indication (PGI) Sithonia and Protected Destination of Origin (PDO) Slopes of Meliton Wines. Project co-financed by the European Union and Greece.\",\"publisher\":{\"@id\":\"https:\/\/meliton-sithonia.gr\/fr\/#organization\"},\"potentialAction\":[{\"@type\":\"SearchAction\",\"target\":{\"@type\":\"EntryPoint\",\"urlTemplate\":\"https:\/\/meliton-sithonia.gr\/fr\/?s={search_term_string}\"},\"query-input\":\"required name=search_term_string\"}],\"inLanguage\":\"fr-FR\"},{\"@type\":\"Organization\",\"@id\":\"https:\/\/meliton-sithonia.gr\/fr\/#organization\",\"name\":\"PDO Slopes of Meliton - PGI Sithonia\",\"url\":\"https:\/\/meliton-sithonia.gr\/fr\/\",\"logo\":{\"@type\":\"ImageObject\",\"inLanguage\":\"fr-FR\",\"@id\":\"https:\/\/meliton-sithonia.gr\/fr\/#\/schema\/logo\/image\/\",\"url\":\"http:\/\/meliton-sithonia.gr\/wp-content\/uploads\/2020\/09\/LOGO-GR_ENG_-1.png\",\"contentUrl\":\"http:\/\/meliton-sithonia.gr\/wp-content\/uploads\/2020\/09\/LOGO-GR_ENG_-1.png\",\"width\":598,\"height\":696,\"caption\":\"PDO Slopes of Meliton - PGI Sithonia\"},\"image\":{\"@id\":\"https:\/\/meliton-sithonia.gr\/fr\/#\/schema\/logo\/image\/\"},\"sameAs\":[\"https:\/\/www.facebook.com\/sithoniamelitonslopes\/\"]}]}<\/script>\n<!-- \/ Yoast SEO plugin. -->","yoast_head_json":{"title":"Gr\u00e8ce : un tr\u00e9sor de vignes et de vin - AOP C\u00f4tes de M\u00e9liton - IGP Sithonie","description":"Gr\u00e8ce : un tr\u00e9sor de vignes et de vin La tradition vinicole en Gr\u00e8ce remonte \u00e0 2500 av. J.-C. Ce don des dieux ne manquait jamais de la table des simples","robots":{"index":"index","follow":"follow","max-snippet":"max-snippet:-1","max-image-preview":"max-image-preview:large","max-video-preview":"max-video-preview:-1"},"canonical":"https:\/\/meliton-sithonia.gr\/fr\/viticultural-heritage\/","og_locale":"fr_FR","og_type":"article","og_title":"Gr\u00e8ce : un tr\u00e9sor de vignes et de vin - AOP C\u00f4tes de M\u00e9liton - IGP Sithonie","og_description":"Gr\u00e8ce : un tr\u00e9sor de vignes et de vin La tradition vinicole en Gr\u00e8ce remonte \u00e0 2500 av. J.-C. Ce don des dieux ne manquait jamais de la table des simples","og_url":"https:\/\/meliton-sithonia.gr\/fr\/viticultural-heritage\/","og_site_name":"AOP C\u00f4tes de M\u00e9liton - IGP Sithonie","article_publisher":"https:\/\/www.facebook.com\/sithoniamelitonslopes\/","article_modified_time":"2022-07-27T12:56:34+00:00","twitter_card":"summary_large_image","twitter_misc":{"Dur\u00e9e de lecture estim\u00e9e":"3 minutes"},"schema":{"@context":"https:\/\/schema.org","@graph":[{"@type":"WebPage","@id":"https:\/\/meliton-sithonia.gr\/fr\/viticultural-heritage\/","url":"https:\/\/meliton-sithonia.gr\/fr\/viticultural-heritage\/","name":"Gr\u00e8ce : un tr\u00e9sor de vignes et de vin - AOP C\u00f4tes de M\u00e9liton - IGP Sithonie","isPartOf":{"@id":"https:\/\/meliton-sithonia.gr\/fr\/#website"},"datePublished":"2020-09-21T08:53:54+00:00","dateModified":"2022-07-27T12:56:34+00:00","description":"Gr\u00e8ce : un tr\u00e9sor de vignes et de vin La tradition vinicole en Gr\u00e8ce remonte \u00e0 2500 av. J.-C. Ce don des dieux ne manquait jamais de la table des simples","breadcrumb":{"@id":"https:\/\/meliton-sithonia.gr\/fr\/viticultural-heritage\/#breadcrumb"},"inLanguage":"fr-FR","potentialAction":[{"@type":"ReadAction","target":["https:\/\/meliton-sithonia.gr\/fr\/viticultural-heritage\/"]}]},{"@type":"BreadcrumbList","@id":"https:\/\/meliton-sithonia.gr\/fr\/viticultural-heritage\/#breadcrumb","itemListElement":[{"@type":"ListItem","position":1,"name":"Home","item":"https:\/\/meliton-sithonia.gr\/fr\/"},{"@type":"ListItem","position":2,"name":"Gr\u00e8ce : un tr\u00e9sor de vignes et de vin"}]},{"@type":"WebSite","@id":"https:\/\/meliton-sithonia.gr\/fr\/#website","url":"https:\/\/meliton-sithonia.gr\/fr\/","name":"AOP C\u00f4tes de M\u00e9liton - IGP Sithonie","description":"Promotional page for Protected Geographical Indication (PGI) Sithonia and Protected Destination of Origin (PDO) Slopes of Meliton Wines. Project co-financed by the European Union and Greece.","publisher":{"@id":"https:\/\/meliton-sithonia.gr\/fr\/#organization"},"potentialAction":[{"@type":"SearchAction","target":{"@type":"EntryPoint","urlTemplate":"https:\/\/meliton-sithonia.gr\/fr\/?s={search_term_string}"},"query-input":"required name=search_term_string"}],"inLanguage":"fr-FR"},{"@type":"Organization","@id":"https:\/\/meliton-sithonia.gr\/fr\/#organization","name":"PDO Slopes of Meliton - PGI Sithonia","url":"https:\/\/meliton-sithonia.gr\/fr\/","logo":{"@type":"ImageObject","inLanguage":"fr-FR","@id":"https:\/\/meliton-sithonia.gr\/fr\/#\/schema\/logo\/image\/","url":"http:\/\/meliton-sithonia.gr\/wp-content\/uploads\/2020\/09\/LOGO-GR_ENG_-1.png","contentUrl":"http:\/\/meliton-sithonia.gr\/wp-content\/uploads\/2020\/09\/LOGO-GR_ENG_-1.png","width":598,"height":696,"caption":"PDO Slopes of Meliton - PGI Sithonia"},"image":{"@id":"https:\/\/meliton-sithonia.gr\/fr\/#\/schema\/logo\/image\/"},"sameAs":["https:\/\/www.facebook.com\/sithoniamelitonslopes\/"]}]}},"_links":{"self":[{"href":"https:\/\/meliton-sithonia.gr\/fr\/wp-json\/wp\/v2\/pages\/6977"}],"collection":[{"href":"https:\/\/meliton-sithonia.gr\/fr\/wp-json\/wp\/v2\/pages"}],"about":[{"href":"https:\/\/meliton-sithonia.gr\/fr\/wp-json\/wp\/v2\/types\/page"}],"author":[{"embeddable":true,"href":"https:\/\/meliton-sithonia.gr\/fr\/wp-json\/wp\/v2\/users\/5"}],"replies":[{"embeddable":true,"href":"https:\/\/meliton-sithonia.gr\/fr\/wp-json\/wp\/v2\/comments?post=6977"}],"version-history":[{"count":5,"href":"https:\/\/meliton-sithonia.gr\/fr\/wp-json\/wp\/v2\/pages\/6977\/revisions"}],"predecessor-version":[{"id":8382,"href":"https:\/\/meliton-sithonia.gr\/fr\/wp-json\/wp\/v2\/pages\/6977\/revisions\/8382"}],"wp:attachment":[{"href":"https:\/\/meliton-sithonia.gr\/fr\/wp-json\/wp\/v2\/media?parent=6977"}],"curies":[{"name":"wp","href":"https:\/\/api.w.org\/{rel}","templated":true}]}}